{"id":43745,"date":"2023-08-10T08:19:15","date_gmt":"2023-08-10T08:19:15","guid":{"rendered":"https:\/\/digitalfeet.com\/?page_id=43745"},"modified":"2023-12-19T06:33:52","modified_gmt":"2023-12-19T06:33:52","slug":"kundehistorier","status":"publish","type":"page","link":"https:\/\/digitalfeet.com\/no\/kundehistorier\/","title":{"rendered":"Kundehistorier"},"content":{"rendered":"\t\t<div data-elementor-type=\"wp-page\" data-elementor-id=\"43745\" class=\"elementor elementor-43745 elementor-500\" data-elementor-post-type=\"page\">\n\t\t\t\t<div class=\"elementor-element elementor-element-f167a6c e-flex e-con-boxed e-con e-parent\" data-id=\"f167a6c\" data-element_type=\"container\" data-e-type=\"container\">\n\t\t\t\t\t<div class=\"e-con-inner\">\n\t\t<div class=\"elementor-element elementor-element-6f11b4a e-flex e-con-boxed e-con e-child\" data-id=\"6f11b4a\" data-element_type=\"container\" data-e-type=\"container\" data-settings=\"{&quot;background_background&quot;:&quot;classic&quot;}\">\n\t\t\t\t\t<div class=\"e-con-inner\">\n\t\t\t\t<div class=\"elementor-element elementor-element-642a565 elementor-hidden-desktop elementor-hidden-laptop elementor-hidden-tablet elementor-hidden-mobile elementor-widget elementor-widget-heading\" data-id=\"642a565\" data-element_type=\"widget\" data-e-type=\"widget\" data-widget_type=\"heading.default\">\n\t\t\t\t<div class=\"elementor-widget-container\">\n\t\t\t\t\t<h1 class=\"elementor-heading-title elementor-size-default\">Kundehistorier<\/h1>\t\t\t\t<\/div>\n\t\t\t\t<\/div>\n\t\t\t\t<div class=\"elementor-element elementor-element-e9f9684 elementor-widget elementor-widget-heading\" data-id=\"e9f9684\" data-element_type=\"widget\" data-e-type=\"widget\" data-widget_type=\"heading.default\">\n\t\t\t\t<div class=\"elementor-widget-container\">\n\t\t\t\t\t<h2 class=\"elementor-heading-title elementor-size-default\">Point Taken<\/h2>\t\t\t\t<\/div>\n\t\t\t\t<\/div>\n\t\t\t\t<div class=\"elementor-element elementor-element-c8ea417 elementor-widget elementor-widget-text-editor\" data-id=\"c8ea417\" data-element_type=\"widget\" data-e-type=\"widget\" data-widget_type=\"text-editor.default\">\n\t\t\t\t<div class=\"elementor-widget-container\">\n\t\t\t\t\t\t\t\t\t<p style=\"margin-bottom: 10px;\">\u00abI 2020 kunne mer enn 10 millioner i nysalg spores direkte tilbake til markedsaktiviteter. I Salgsavdelingen sloss vi nesten om \u00e5 f\u00e5 lov til \u00e5 f\u00f8lge opp leadsene som kommer fra marked\u00bb..<\/p>\n<strong style=\"font-size: 20px;\">Tomas Holseth, Salgssjef i Point Taken<\/strong>\t\t\t\t\t\t\t\t<\/div>\n\t\t\t\t<\/div>\n\t\t\t\t<div class=\"elementor-element elementor-element-d6fbc26 elementor-widget elementor-widget-button\" data-id=\"d6fbc26\" data-element_type=\"widget\" data-e-type=\"widget\" data-widget_type=\"button.default\">\n\t\t\t\t<div class=\"elementor-widget-container\">\n\t\t\t\t\t\t\t\t\t<div class=\"elementor-button-wrapper\">\n\t\t\t\t\t<a class=\"elementor-button elementor-button-link elementor-size-sm\" href=\"https:\/\/digitalfeet.com\/no\/kundehistorier\/point-taken\/\">\n\t\t\t\t\t\t<span class=\"elementor-button-content-wrapper\">\n\t\t\t\t\t\t\t\t\t<span class=\"elementor-button-text\">LES MER &nbsp; <i class=\"fa-solid fa-chevron-right\"><\/i><\/span>\n\t\t\t\t\t<\/span>\n\t\t\t\t\t<\/a>\n\t\t\t\t<\/div>\n\t\t\t\t\t\t\t\t<\/div>\n\t\t\t\t<\/div>\n\t\t\t\t\t<\/div>\n\t\t\t\t<\/div>\n\t\t<div class=\"elementor-element elementor-element-9679d48 e-con-full e-flex e-con e-child\" data-id=\"9679d48\" data-element_type=\"container\" data-e-type=\"container\">\n\t\t\t\t<div class=\"elementor-element elementor-element-7b1e683 elementor-widget elementor-widget-image\" data-id=\"7b1e683\" data-element_type=\"widget\" data-e-type=\"widget\" data-widget_type=\"image.default\">\n\t\t\t\t<div class=\"elementor-widget-container\">\n\t\t\t\t\t\t\t\t\t\t\t\t\t\t\t<img fetchpriority=\"high\" decoding=\"async\" width=\"741\" height=\"595\" src=\"https:\/\/digitalfeet.com\/wp-content\/uploads\/2023\/08\/Rectangle-54.png\" class=\"attachment-large size-large wp-image-503\" alt=\"Point Taken\" srcset=\"https:\/\/digitalfeet.com\/wp-content\/uploads\/2023\/08\/Rectangle-54.png 741w, https:\/\/digitalfeet.com\/wp-content\/uploads\/2023\/08\/Rectangle-54-300x241.png 300w\" sizes=\"(max-width: 741px) 100vw, 741px\" \/>\t\t\t\t\t\t\t\t\t\t\t\t\t\t\t<\/div>\n\t\t\t\t<\/div>\n\t\t\t\t<\/div>\n\t\t\t\t\t<\/div>\n\t\t\t\t<\/div>\n\t\t<div class=\"elementor-element elementor-element-d62cc38 e-flex e-con-boxed e-con e-parent\" data-id=\"d62cc38\" data-element_type=\"container\" data-e-type=\"container\">\n\t\t\t\t\t<div class=\"e-con-inner\">\n\t\t<div class=\"elementor-element elementor-element-ceac13f e-con-full e-flex e-con e-child\" data-id=\"ceac13f\" data-element_type=\"container\" data-e-type=\"container\">\n\t\t\t\t<div class=\"elementor-element elementor-element-1fa22b8 elementor-widget elementor-widget-image\" data-id=\"1fa22b8\" data-element_type=\"widget\" data-e-type=\"widget\" data-widget_type=\"image.default\">\n\t\t\t\t<div class=\"elementor-widget-container\">\n\t\t\t\t\t\t\t\t\t\t\t\t\t\t\t<img decoding=\"async\" width=\"740\" height=\"601\" src=\"https:\/\/digitalfeet.com\/wp-content\/uploads\/2023\/08\/Frame-386.png\" class=\"attachment-large size-large wp-image-506\" alt=\"Cloudway owner\" srcset=\"https:\/\/digitalfeet.com\/wp-content\/uploads\/2023\/08\/Frame-386.png 740w, https:\/\/digitalfeet.com\/wp-content\/uploads\/2023\/08\/Frame-386-300x244.png 300w\" sizes=\"(max-width: 740px) 100vw, 740px\" \/>\t\t\t\t\t\t\t\t\t\t\t\t\t\t\t<\/div>\n\t\t\t\t<\/div>\n\t\t\t\t<\/div>\n\t\t<div class=\"elementor-element elementor-element-4dec0df e-flex e-con-boxed e-con e-child\" data-id=\"4dec0df\" data-element_type=\"container\" data-e-type=\"container\" data-settings=\"{&quot;background_background&quot;:&quot;classic&quot;}\">\n\t\t\t\t\t<div class=\"e-con-inner\">\n\t\t\t\t<div class=\"elementor-element elementor-element-4c2ca3a elementor-widget elementor-widget-heading\" data-id=\"4c2ca3a\" data-element_type=\"widget\" data-e-type=\"widget\" data-widget_type=\"heading.default\">\n\t\t\t\t<div class=\"elementor-widget-container\">\n\t\t\t\t\t<h2 class=\"elementor-heading-title elementor-size-default\">CloudWay<\/h2>\t\t\t\t<\/div>\n\t\t\t\t<\/div>\n\t\t\t\t<div class=\"elementor-element elementor-element-2102884 elementor-widget elementor-widget-text-editor\" data-id=\"2102884\" data-element_type=\"widget\" data-e-type=\"widget\" data-widget_type=\"text-editor.default\">\n\t\t\t\t<div class=\"elementor-widget-container\">\n\t\t\t\t\t\t\t\t\t<p style=\"margin-bottom: 10px;\">\u00abVed \u00e5 abonnere p\u00e5 en markedsavdeling hos Digitalfeet har du ett byr\u00e5 som kan dekke dine web- og markedsbehov. De kommer med planer og ideer og er operative fra start\u00bb..<\/p>\n<strong style=\"font-size: 20px;\">St\u00e5le Hansen fra CloudWay<\/strong>\t\t\t\t\t\t\t\t<\/div>\n\t\t\t\t<\/div>\n\t\t\t\t<div class=\"elementor-element elementor-element-122f96f elementor-widget elementor-widget-button\" data-id=\"122f96f\" data-element_type=\"widget\" data-e-type=\"widget\" data-widget_type=\"button.default\">\n\t\t\t\t<div class=\"elementor-widget-container\">\n\t\t\t\t\t\t\t\t\t<div class=\"elementor-button-wrapper\">\n\t\t\t\t\t<a class=\"elementor-button elementor-button-link elementor-size-sm\" href=\"https:\/\/digitalfeet.com\/no\/kundehistorier\/cloudway\/\">\n\t\t\t\t\t\t<span class=\"elementor-button-content-wrapper\">\n\t\t\t\t\t\t\t\t\t<span class=\"elementor-button-text\">LES MER &nbsp;  <i class=\"fa-solid fa-chevron-right\"><\/i><\/span>\n\t\t\t\t\t<\/span>\n\t\t\t\t\t<\/a>\n\t\t\t\t<\/div>\n\t\t\t\t\t\t\t\t<\/div>\n\t\t\t\t<\/div>\n\t\t\t\t\t<\/div>\n\t\t\t\t<\/div>\n\t\t\t\t\t<\/div>\n\t\t\t\t<\/div>\n\t\t<div class=\"elementor-element elementor-element-2a844b0 e-flex e-con-boxed e-con e-parent\" data-id=\"2a844b0\" data-element_type=\"container\" data-e-type=\"container\" data-settings=\"{&quot;background_background&quot;:&quot;classic&quot;}\">\n\t\t\t\t\t<div class=\"e-con-inner\">\n\t\t<div class=\"elementor-element elementor-element-124feb0 e-flex e-con-boxed e-con e-child\" data-id=\"124feb0\" data-element_type=\"container\" data-e-type=\"container\" data-settings=\"{&quot;background_background&quot;:&quot;classic&quot;}\">\n\t\t\t\t\t<div class=\"e-con-inner\">\n\t\t\t\t<div class=\"elementor-element elementor-element-d7712c8 elementor-widget elementor-widget-heading\" data-id=\"d7712c8\" data-element_type=\"widget\" data-e-type=\"widget\" data-widget_type=\"heading.default\">\n\t\t\t\t<div class=\"elementor-widget-container\">\n\t\t\t\t\t<h2 class=\"elementor-heading-title elementor-size-default\">Vil du bli den neste suksessrike kunden? <\/h2>\t\t\t\t<\/div>\n\t\t\t\t<\/div>\n\t\t\t\t<div class=\"elementor-element elementor-element-5e22113 elementor-widget elementor-widget-text-editor\" data-id=\"5e22113\" data-element_type=\"widget\" data-e-type=\"widget\" data-widget_type=\"text-editor.default\">\n\t\t\t\t<div class=\"elementor-widget-container\">\n\t\t\t\t\t\t\t\t\t<p>Bestill en gratis og uforpliktende samtale om hvordan vi kan f\u00e5 deg og bedriften din til \u00e5 lykkes!\u200b<\/p>\t\t\t\t\t\t\t\t<\/div>\n\t\t\t\t<\/div>\n\t\t\t\t<div class=\"elementor-element elementor-element-03e1911 elementor-widget elementor-widget-button\" data-id=\"03e1911\" data-element_type=\"widget\" data-e-type=\"widget\" data-widget_type=\"button.default\">\n\t\t\t\t<div class=\"elementor-widget-container\">\n\t\t\t\t\t\t\t\t\t<div class=\"elementor-button-wrapper\">\n\t\t\t\t\t<a class=\"elementor-button elementor-button-link elementor-size-sm\" href=\"https:\/\/digitalfeet.com\/no\/lets-talk\/\">\n\t\t\t\t\t\t<span class=\"elementor-button-content-wrapper\">\n\t\t\t\t\t\t\t\t\t<span class=\"elementor-button-text\">Bestill en gratis konsultasjon n\u00e5!\u200b<\/span>\n\t\t\t\t\t<\/span>\n\t\t\t\t\t<\/a>\n\t\t\t\t<\/div>\n\t\t\t\t\t\t\t\t<\/div>\n\t\t\t\t<\/div>\n\t\t\t\t<div class=\"elementor-element elementor-element-63c2307 elementor-widget elementor-widget-html\" data-id=\"63c2307\" data-element_type=\"widget\" data-e-type=\"widget\" data-widget_type=\"html.default\">\n\t\t\t\t<div class=\"elementor-widget-container\">\n\t\t\t\t\t<script src=\"https:\/\/unpkg.com\/@dotlottie\/player-component@latest\/dist\/dotlottie-player.js\"><\/script> \r\n\r\n\r\n    <dotlottie-player src=\"https:\/\/lottie.host\/38f9e77e-5c2a-46b2-8ff6-00cc3733b3ed\/FIfZXsr2xJ.lottie\"  background=\"transparent\"  speed=\"1\"  style=\"width: 100%; height: 120px;\" loop autoplay><\/dotlottie-player>\t\t\t\t<\/div>\n\t\t\t\t<\/div>\n\t\t\t\t\t<\/div>\n\t\t\t\t<\/div>\n\t\t<div class=\"elementor-element elementor-element-8a0a79d e-con-full e-flex e-con e-child\" data-id=\"8a0a79d\" data-element_type=\"container\" data-e-type=\"container\">\n\t\t\t\t<div class=\"elementor-element elementor-element-1f4d1fe elementor-widget elementor-widget-image\" data-id=\"1f4d1fe\" data-element_type=\"widget\" data-e-type=\"widget\" data-widget_type=\"image.default\">\n\t\t\t\t<div class=\"elementor-widget-container\">\n\t\t\t\t\t\t\t\t\t\t\t\t\t\t\t<img decoding=\"async\" width=\"2223\" height=\"1648\" src=\"https:\/\/digitalfeet.com\/wp-content\/uploads\/2023\/09\/Footer-CTA_result.webp\" class=\"attachment-full size-full wp-image-44870\" alt=\"4 person discussing\" srcset=\"https:\/\/digitalfeet.com\/wp-content\/uploads\/2023\/09\/Footer-CTA_result.webp 2223w, https:\/\/digitalfeet.com\/wp-content\/uploads\/2023\/09\/Footer-CTA_result-300x222.webp 300w, https:\/\/digitalfeet.com\/wp-content\/uploads\/2023\/09\/Footer-CTA_result-1024x759.webp 1024w, https:\/\/digitalfeet.com\/wp-content\/uploads\/2023\/09\/Footer-CTA_result-768x569.webp 768w, https:\/\/digitalfeet.com\/wp-content\/uploads\/2023\/09\/Footer-CTA_result-1536x1139.webp 1536w, https:\/\/digitalfeet.com\/wp-content\/uploads\/2023\/09\/Footer-CTA_result-2048x1518.webp 2048w\" sizes=\"(max-width: 2223px) 100vw, 2223px\" \/>\t\t\t\t\t\t\t\t\t\t\t\t\t\t\t<\/div>\n\t\t\t\t<\/div>\n\t\t\t\t<\/div>\n\t\t\t\t\t<\/div>\n\t\t\t\t<\/div>\n\t\t\t\t<\/div>\n\t\t","protected":false},"excerpt":{"rendered":"<p>Kundehistorier Point Taken \u00abI 2020 kunne mer enn 10 millioner i nysalg spores direkte tilbake til markedsaktiviteter. I Salgsavdelingen sloss vi nesten om \u00e5 f\u00e5 lov til \u00e5 f\u00f8lge opp leadsene som kommer fra marked\u00bb.. Tomas Holseth, Salgssjef i Point Taken LES MER &nbsp; CloudWay \u00abVed \u00e5 abonnere p\u00e5 en markedsavdeling hos Digitalfeet har du [&hellip;]<\/p>\n","protected":false},"author":1,"featured_media":47787,"parent":0,"menu_order":0,"comment_status":"closed","ping_status":"closed","template":"","meta":{"_acf_changed":false,"_eb_attr":"","site-sidebar-layout":"no-sidebar","site-content-layout":"page-builder","ast-site-content-layout":"default","site-content-style":"default","site-sidebar-style":"default","ast-global-header-display":"","ast-banner-title-visibility":"","ast-main-header-display":"","ast-hfb-above-header-display":"","ast-hfb-below-header-display":"","ast-hfb-mobile-header-display":"","site-post-title":"disabled","ast-breadcrumbs-content":"","ast-featured-img":"disabled","footer-sml-layout":"","ast-disable-related-posts":"","theme-transparent-header-meta":"","adv-header-id-meta":"","stick-header-meta":"","header-above-stick-meta":"","header-main-stick-meta":"","header-below-stick-meta":"","astra-migrate-meta-layouts":"default","ast-page-background-enabled":"default","ast-page-background-meta":{"desktop":{"background-color":"var(--ast-global-color-4)","background-image":"","background-repeat":"repeat","background-position":"center center","background-size":"auto","background-attachment":"scroll","background-type":"","background-media":"","overlay-type":"","overlay-color":"","overlay-opacity":"","overlay-gradient":""},"tablet":{"background-color":"","background-image":"","background-repeat":"repeat","background-position":"center center","background-size":"auto","background-attachment":"scroll","background-type":"","background-media":"","overlay-type":"","overlay-color":"","overlay-opacity":"","overlay-gradient":""},"mobile":{"background-color":"","background-image":"","background-repeat":"repeat","background-position":"center center","background-size":"auto","background-attachment":"scroll","background-type":"","background-media":"","overlay-type":"","overlay-color":"","overlay-opacity":"","overlay-gradient":""}},"ast-content-background-meta":{"desktop":{"background-color":"var(--ast-global-color-5)","background-image":"","background-repeat":"repeat","background-position":"center center","background-size":"auto","background-attachment":"scroll","background-type":"","background-media":"","overlay-type":"","overlay-color":"","overlay-opacity":"","overlay-gradient":""},"tablet":{"background-color":"var(--ast-global-color-5)","background-image":"","background-repeat":"repeat","background-position":"center center","background-size":"auto","background-attachment":"scroll","background-type":"","background-media":"","overlay-type":"","overlay-color":"","overlay-opacity":"","overlay-gradient":""},"mobile":{"background-color":"var(--ast-global-color-5)","background-image":"","background-repeat":"repeat","background-position":"center center","background-size":"auto","background-attachment":"scroll","background-type":"","background-media":"","overlay-type":"","overlay-color":"","overlay-opacity":"","overlay-gradient":""}},"footnotes":""},"class_list":["post-43745","page","type-page","status-publish","has-post-thumbnail","hentry"],"acf":[],"yoast_head":"<!-- This site is optimized with the Yoast SEO Premium plugin v25.6 (Yoast SEO v27.4) - https:\/\/yoast.com\/product\/yoast-seo-premium-wordpress\/ -->\n<title>Kundehistorier | Digitalfeet<\/title>\n<meta name=\"description\" content=\"Oppdag inspirerende kundehistorier p\u00e5 Digitalfeet! Les om virkelige opplevelser, suksesser og partnerskap som viser effekten av produktene og tjenestene v\u00e5re.\" \/>\n<meta name=\"robots\" content=\"index, follow, max-snippet:-1, max-image-preview:large, max-video-preview:-1\" \/>\n<link rel=\"canonical\" href=\"https:\/\/digitalfeet.com\/no\/kundehistorier\/\" \/>\n<meta property=\"og:locale\" content=\"nb_NO\" \/>\n<meta property=\"og:type\" content=\"article\" \/>\n<meta property=\"og:title\" content=\"Kundehistorier\" \/>\n<meta property=\"og:description\" content=\"Oppdag inspirerende kundehistorier p\u00e5 Digitalfeet! Les om virkelige opplevelser, suksesser og partnerskap som viser effekten av produktene og tjenestene v\u00e5re.\" \/>\n<meta property=\"og:url\" content=\"https:\/\/digitalfeet.com\/no\/kundehistorier\/\" \/>\n<meta property=\"og:site_name\" content=\"Digitalfeet\" \/>\n<meta property=\"article:modified_time\" content=\"2023-12-19T06:33:52+00:00\" \/>\n<meta property=\"og:image\" content=\"https:\/\/digitalfeet.com\/wp-content\/uploads\/2023\/10\/FI-Home-1.png\" \/>\n\t<meta property=\"og:image:width\" content=\"1200\" \/>\n\t<meta property=\"og:image:height\" content=\"628\" \/>\n\t<meta property=\"og:image:type\" content=\"image\/png\" \/>\n<meta name=\"twitter:card\" content=\"summary_large_image\" \/>\n<meta name=\"twitter:label1\" content=\"Ansl. lesetid\" \/>\n\t<meta name=\"twitter:data1\" content=\"2 minutter\" \/>\n<script type=\"application\/ld+json\" class=\"yoast-schema-graph\">{\"@context\":\"https:\\\/\\\/schema.org\",\"@graph\":[{\"@type\":\"WebPage\",\"@id\":\"https:\\\/\\\/digitalfeet.com\\\/no\\\/kundehistorier\\\/\",\"url\":\"https:\\\/\\\/digitalfeet.com\\\/no\\\/kundehistorier\\\/\",\"name\":\"Kundehistorier | Digitalfeet\",\"isPartOf\":{\"@id\":\"https:\\\/\\\/digitalfeet.com\\\/no\\\/#website\"},\"primaryImageOfPage\":{\"@id\":\"https:\\\/\\\/digitalfeet.com\\\/no\\\/kundehistorier\\\/#primaryimage\"},\"image\":{\"@id\":\"https:\\\/\\\/digitalfeet.com\\\/no\\\/kundehistorier\\\/#primaryimage\"},\"thumbnailUrl\":\"https:\\\/\\\/digitalfeet.com\\\/wp-content\\\/uploads\\\/2023\\\/10\\\/FI-Home-1.png\",\"datePublished\":\"2023-08-10T08:19:15+00:00\",\"dateModified\":\"2023-12-19T06:33:52+00:00\",\"description\":\"Oppdag inspirerende kundehistorier p\u00e5 Digitalfeet! Les om virkelige opplevelser, suksesser og partnerskap som viser effekten av produktene og tjenestene v\u00e5re.\",\"inLanguage\":\"nb-NO\",\"potentialAction\":[{\"@type\":\"ReadAction\",\"target\":[\"https:\\\/\\\/digitalfeet.com\\\/no\\\/kundehistorier\\\/\"]}]},{\"@type\":\"ImageObject\",\"inLanguage\":\"nb-NO\",\"@id\":\"https:\\\/\\\/digitalfeet.com\\\/no\\\/kundehistorier\\\/#primaryimage\",\"url\":\"https:\\\/\\\/digitalfeet.com\\\/wp-content\\\/uploads\\\/2023\\\/10\\\/FI-Home-1.png\",\"contentUrl\":\"https:\\\/\\\/digitalfeet.com\\\/wp-content\\\/uploads\\\/2023\\\/10\\\/FI-Home-1.png\",\"width\":1200,\"height\":628},{\"@type\":\"WebSite\",\"@id\":\"https:\\\/\\\/digitalfeet.com\\\/no\\\/#website\",\"url\":\"https:\\\/\\\/digitalfeet.com\\\/no\\\/\",\"name\":\"Digitalfeet\",\"description\":\"\",\"publisher\":{\"@id\":\"https:\\\/\\\/digitalfeet.com\\\/no\\\/#organization\"},\"potentialAction\":[{\"@type\":\"SearchAction\",\"target\":{\"@type\":\"EntryPoint\",\"urlTemplate\":\"https:\\\/\\\/digitalfeet.com\\\/no\\\/?s={search_term_string}\"},\"query-input\":{\"@type\":\"PropertyValueSpecification\",\"valueRequired\":true,\"valueName\":\"search_term_string\"}}],\"inLanguage\":\"nb-NO\"},{\"@type\":\"Organization\",\"@id\":\"https:\\\/\\\/digitalfeet.com\\\/no\\\/#organization\",\"name\":\"Digitalfeet\",\"url\":\"https:\\\/\\\/digitalfeet.com\\\/no\\\/\",\"logo\":{\"@type\":\"ImageObject\",\"inLanguage\":\"nb-NO\",\"@id\":\"https:\\\/\\\/digitalfeet.com\\\/no\\\/#\\\/schema\\\/logo\\\/image\\\/\",\"url\":\"https:\\\/\\\/digitalfeet.com\\\/wp-content\\\/uploads\\\/2023\\\/07\\\/df_logo_highres_result-1.webp\",\"contentUrl\":\"https:\\\/\\\/digitalfeet.com\\\/wp-content\\\/uploads\\\/2023\\\/07\\\/df_logo_highres_result-1.webp\",\"width\":183,\"height\":55,\"caption\":\"Digitalfeet\"},\"image\":{\"@id\":\"https:\\\/\\\/digitalfeet.com\\\/no\\\/#\\\/schema\\\/logo\\\/image\\\/\"}}]}<\/script>\n<!-- \/ Yoast SEO Premium plugin. -->","yoast_head_json":{"title":"Kundehistorier | Digitalfeet","description":"Oppdag inspirerende kundehistorier p\u00e5 Digitalfeet! Les om virkelige opplevelser, suksesser og partnerskap som viser effekten av produktene og tjenestene v\u00e5re.","robots":{"index":"index","follow":"follow","max-snippet":"max-snippet:-1","max-image-preview":"max-image-preview:large","max-video-preview":"max-video-preview:-1"},"canonical":"https:\/\/digitalfeet.com\/no\/kundehistorier\/","og_locale":"nb_NO","og_type":"article","og_title":"Kundehistorier","og_description":"Oppdag inspirerende kundehistorier p\u00e5 Digitalfeet! Les om virkelige opplevelser, suksesser og partnerskap som viser effekten av produktene og tjenestene v\u00e5re.","og_url":"https:\/\/digitalfeet.com\/no\/kundehistorier\/","og_site_name":"Digitalfeet","article_modified_time":"2023-12-19T06:33:52+00:00","og_image":[{"width":1200,"height":628,"url":"https:\/\/digitalfeet.com\/wp-content\/uploads\/2023\/10\/FI-Home-1.png","type":"image\/png"}],"twitter_card":"summary_large_image","twitter_misc":{"Ansl. lesetid":"2 minutter"},"schema":{"@context":"https:\/\/schema.org","@graph":[{"@type":"WebPage","@id":"https:\/\/digitalfeet.com\/no\/kundehistorier\/","url":"https:\/\/digitalfeet.com\/no\/kundehistorier\/","name":"Kundehistorier | Digitalfeet","isPartOf":{"@id":"https:\/\/digitalfeet.com\/no\/#website"},"primaryImageOfPage":{"@id":"https:\/\/digitalfeet.com\/no\/kundehistorier\/#primaryimage"},"image":{"@id":"https:\/\/digitalfeet.com\/no\/kundehistorier\/#primaryimage"},"thumbnailUrl":"https:\/\/digitalfeet.com\/wp-content\/uploads\/2023\/10\/FI-Home-1.png","datePublished":"2023-08-10T08:19:15+00:00","dateModified":"2023-12-19T06:33:52+00:00","description":"Oppdag inspirerende kundehistorier p\u00e5 Digitalfeet! Les om virkelige opplevelser, suksesser og partnerskap som viser effekten av produktene og tjenestene v\u00e5re.","inLanguage":"nb-NO","potentialAction":[{"@type":"ReadAction","target":["https:\/\/digitalfeet.com\/no\/kundehistorier\/"]}]},{"@type":"ImageObject","inLanguage":"nb-NO","@id":"https:\/\/digitalfeet.com\/no\/kundehistorier\/#primaryimage","url":"https:\/\/digitalfeet.com\/wp-content\/uploads\/2023\/10\/FI-Home-1.png","contentUrl":"https:\/\/digitalfeet.com\/wp-content\/uploads\/2023\/10\/FI-Home-1.png","width":1200,"height":628},{"@type":"WebSite","@id":"https:\/\/digitalfeet.com\/no\/#website","url":"https:\/\/digitalfeet.com\/no\/","name":"Digitalfeet","description":"","publisher":{"@id":"https:\/\/digitalfeet.com\/no\/#organization"},"potentialAction":[{"@type":"SearchAction","target":{"@type":"EntryPoint","urlTemplate":"https:\/\/digitalfeet.com\/no\/?s={search_term_string}"},"query-input":{"@type":"PropertyValueSpecification","valueRequired":true,"valueName":"search_term_string"}}],"inLanguage":"nb-NO"},{"@type":"Organization","@id":"https:\/\/digitalfeet.com\/no\/#organization","name":"Digitalfeet","url":"https:\/\/digitalfeet.com\/no\/","logo":{"@type":"ImageObject","inLanguage":"nb-NO","@id":"https:\/\/digitalfeet.com\/no\/#\/schema\/logo\/image\/","url":"https:\/\/digitalfeet.com\/wp-content\/uploads\/2023\/07\/df_logo_highres_result-1.webp","contentUrl":"https:\/\/digitalfeet.com\/wp-content\/uploads\/2023\/07\/df_logo_highres_result-1.webp","width":183,"height":55,"caption":"Digitalfeet"},"image":{"@id":"https:\/\/digitalfeet.com\/no\/#\/schema\/logo\/image\/"}}]}},"_links":{"self":[{"href":"https:\/\/digitalfeet.com\/no\/wp-json\/wp\/v2\/pages\/43745","targetHints":{"allow":["GET"]}}],"collection":[{"href":"https:\/\/digitalfeet.com\/no\/wp-json\/wp\/v2\/pages"}],"about":[{"href":"https:\/\/digitalfeet.com\/no\/wp-json\/wp\/v2\/types\/page"}],"author":[{"embeddable":true,"href":"https:\/\/digitalfeet.com\/no\/wp-json\/wp\/v2\/users\/1"}],"replies":[{"embeddable":true,"href":"https:\/\/digitalfeet.com\/no\/wp-json\/wp\/v2\/comments?post=43745"}],"version-history":[{"count":3,"href":"https:\/\/digitalfeet.com\/no\/wp-json\/wp\/v2\/pages\/43745\/revisions"}],"predecessor-version":[{"id":50147,"href":"https:\/\/digitalfeet.com\/no\/wp-json\/wp\/v2\/pages\/43745\/revisions\/50147"}],"wp:featuredmedia":[{"embeddable":true,"href":"https:\/\/digitalfeet.com\/no\/wp-json\/wp\/v2\/media\/47787"}],"wp:attachment":[{"href":"https:\/\/digitalfeet.com\/no\/wp-json\/wp\/v2\/media?parent=43745"}],"curies":[{"name":"wp","href":"https:\/\/api.w.org\/{rel}","templated":true}]}}