{"id":44831,"date":"2023-08-15T03:24:37","date_gmt":"2023-08-15T03:24:37","guid":{"rendered":"https:\/\/digitalfeet.com\/?page_id=44831"},"modified":"2025-04-23T05:29:28","modified_gmt":"2025-04-23T05:29:28","slug":"choose-marketing-audit-no","status":"publish","type":"page","link":"https:\/\/digitalfeet.com\/no\/choose-marketing-audit-no\/","title":{"rendered":"Choose Marketing Audit NO"},"content":{"rendered":"\t\t<div data-elementor-type=\"wp-page\" data-elementor-id=\"44831\" class=\"elementor elementor-44831 elementor-732\" data-elementor-post-type=\"page\">\n\t\t\t\t<div class=\"elementor-element elementor-element-5f4be756 e-flex e-con-boxed e-con e-parent\" data-id=\"5f4be756\" data-element_type=\"container\" data-e-type=\"container\" data-settings=\"{&quot;background_background&quot;:&quot;classic&quot;}\">\n\t\t\t\t\t<div class=\"e-con-inner\">\n\t\t<div class=\"elementor-element elementor-element-5e9dc3b8 e-flex e-con-boxed e-con e-child\" data-id=\"5e9dc3b8\" data-element_type=\"container\" data-e-type=\"container\">\n\t\t\t\t\t<div class=\"e-con-inner\">\n\t\t\t\t<div class=\"elementor-element elementor-element-751c06b9 elementor-widget elementor-widget-heading\" data-id=\"751c06b9\" data-element_type=\"widget\" data-e-type=\"widget\" data-widget_type=\"heading.default\">\n\t\t\t\t<div class=\"elementor-widget-container\">\n\t\t\t\t\t<h1 class=\"elementor-heading-title elementor-size-default\">Velg hva slags rapport du \u00f8nsker <\/h1>\t\t\t\t<\/div>\n\t\t\t\t<\/div>\n\t\t\t\t\t<\/div>\n\t\t\t\t<\/div>\n\t\t<div class=\"elementor-element elementor-element-0f60c7a e-flex e-con-boxed e-con e-child\" data-id=\"0f60c7a\" data-element_type=\"container\" data-e-type=\"container\">\n\t\t\t\t\t<div class=\"e-con-inner\">\n\t\t<div class=\"elementor-element elementor-element-708ee63 service-items animated-card-1 e-flex e-con-boxed e-con e-child\" data-id=\"708ee63\" data-element_type=\"container\" data-e-type=\"container\" data-settings=\"{&quot;background_background&quot;:&quot;classic&quot;}\">\n\t\t\t\t\t<div class=\"e-con-inner\">\n\t\t\t\t<div class=\"elementor-element elementor-element-296775d elementor-align-left elementor-widget elementor-widget-lottie\" data-id=\"296775d\" data-element_type=\"widget\" data-e-type=\"widget\" data-settings=\"{&quot;trigger&quot;:&quot;on_hover&quot;,&quot;on_hover_out&quot;:&quot;reverse&quot;,&quot;hover_area&quot;:&quot;container&quot;,&quot;source_json&quot;:{&quot;url&quot;:&quot;https:\\\/\\\/digitalfeet.com\\\/wp-content\\\/uploads\\\/2025\\\/03\\\/hands-up-lottie.json&quot;,&quot;id&quot;:56474,&quot;size&quot;:&quot;&quot;,&quot;alt&quot;:&quot;&quot;,&quot;source&quot;:&quot;library&quot;},&quot;source&quot;:&quot;media_file&quot;,&quot;caption_source&quot;:&quot;none&quot;,&quot;link_to&quot;:&quot;none&quot;,&quot;play_speed&quot;:{&quot;unit&quot;:&quot;px&quot;,&quot;size&quot;:1,&quot;sizes&quot;:[]},&quot;start_point&quot;:{&quot;unit&quot;:&quot;%&quot;,&quot;size&quot;:0,&quot;sizes&quot;:[]},&quot;end_point&quot;:{&quot;unit&quot;:&quot;%&quot;,&quot;size&quot;:100,&quot;sizes&quot;:[]},&quot;renderer&quot;:&quot;svg&quot;}\" data-widget_type=\"lottie.default\">\n\t\t\t\t<div class=\"elementor-widget-container\">\n\t\t\t\t\t<div class=\"e-lottie__container\"><div class=\"e-lottie__animation\"><\/div><\/div>\t\t\t\t<\/div>\n\t\t\t\t<\/div>\n\t\t<div class=\"elementor-element elementor-element-6f4f7fd e-flex e-con-boxed e-con e-child\" data-id=\"6f4f7fd\" data-element_type=\"container\" data-e-type=\"container\" data-settings=\"{&quot;background_background&quot;:&quot;classic&quot;}\">\n\t\t\t\t\t<div class=\"e-con-inner\">\n\t\t\t\t<div class=\"elementor-element elementor-element-e3846b7 elementor-widget elementor-widget-heading\" data-id=\"e3846b7\" data-element_type=\"widget\" data-e-type=\"widget\" data-widget_type=\"heading.default\">\n\t\t\t\t<div class=\"elementor-widget-container\">\n\t\t\t\t\t<h3 class=\"elementor-heading-title elementor-size-default\">Enkel analyse<\/h3>\t\t\t\t<\/div>\n\t\t\t\t<\/div>\n\t\t\t\t<div class=\"elementor-element elementor-element-b5ed9ff elementor-widget elementor-widget-text-editor\" data-id=\"b5ed9ff\" data-element_type=\"widget\" data-e-type=\"widget\" data-widget_type=\"text-editor.default\">\n\t\t\t\t<div class=\"elementor-widget-container\">\n\t\t\t\t\t\t\t\t\t<p>Passer best for deg som bare \u00f8nsker en enkel analyse av nettsiden for \u00e5 gj\u00f8re oppdateringer selv.<\/p>\t\t\t\t\t\t\t\t<\/div>\n\t\t\t\t<\/div>\n\t\t\t\t<div class=\"elementor-element elementor-element-2cb187f elementor-widget elementor-widget-text-editor\" data-id=\"2cb187f\" data-element_type=\"widget\" data-e-type=\"widget\" data-widget_type=\"text-editor.default\">\n\t\t\t\t<div class=\"elementor-widget-container\">\n\t\t\t\t\t\t\t\t\t<ul class=\"bullet\"><li>Responsivitet<\/li><li>Lastehastighet<\/li><li>SEO analyse<\/li><\/ul>\t\t\t\t\t\t\t\t<\/div>\n\t\t\t\t<\/div>\n\t\t\t\t\t<\/div>\n\t\t\t\t<\/div>\n\t\t\t\t<div class=\"elementor-element elementor-element-f2f2327 elementor-widget__width-initial elementor-absolute elementor-button-align-stretch elementor-widget elementor-widget-form\" data-id=\"f2f2327\" data-element_type=\"widget\" data-e-type=\"widget\" data-settings=\"{&quot;step_next_label&quot;:&quot;Next&quot;,&quot;step_previous_label&quot;:&quot;Previous&quot;,&quot;_position&quot;:&quot;absolute&quot;,&quot;button_width&quot;:&quot;100&quot;,&quot;step_type&quot;:&quot;number_text&quot;,&quot;step_icon_shape&quot;:&quot;circle&quot;}\" data-widget_type=\"form.default\">\n\t\t\t\t<div class=\"elementor-widget-container\">\n\t\t\t\t\t\t\t<form class=\"elementor-form\" method=\"post\" name=\"New Form\" aria-label=\"New Form\">\n\t\t\t<input type=\"hidden\" name=\"post_id\" value=\"44831\"\/>\n\t\t\t<input type=\"hidden\" name=\"form_id\" value=\"f2f2327\"\/>\n\t\t\t<input type=\"hidden\" name=\"referer_title\" value=\"Digitalfeet\" \/>\n\n\t\t\t\n\t\t\t<div class=\"elementor-form-fields-wrapper elementor-labels-above\">\n\t\t\t\t\t\t\t\t<div class=\"elementor-field-type-hidden elementor-field-group elementor-column elementor-field-group-email elementor-col-100\">\n\t\t\t\t\t\t\t\t\t\t\t\t\t<input size=\"1\" type=\"hidden\" name=\"form_fields[email]\" id=\"form-field-email\" class=\"elementor-field elementor-size-sm  elementor-field-textual\">\n\t\t\t\t\t\t\t\t\t\t\t<\/div>\n\t\t\t\t\t\t\t\t<div class=\"elementor-field-type-hidden elementor-field-group elementor-column elementor-field-group-from elementor-col-100\">\n\t\t\t\t\t\t\t\t\t\t\t\t\t<input size=\"1\" type=\"hidden\" name=\"form_fields[from]\" id=\"form-field-from\" class=\"elementor-field elementor-size-sm  elementor-field-textual\">\n\t\t\t\t\t\t\t\t\t\t\t<\/div>\n\t\t\t\t\t\t\t\t<div class=\"elementor-field-group elementor-column elementor-field-type-submit elementor-col-100 e-form__buttons\">\n\t\t\t\t\t<button class=\"elementor-button elementor-size-sm\" type=\"submit\">\n\t\t\t\t\t\t<span class=\"elementor-button-content-wrapper\">\n\t\t\t\t\t\t\t\t\t\t\t\t\t\t\t<span class=\"elementor-button-icon\">\n\t\t\t\t\t\t\t\t\t<i aria-hidden=\"true\" class=\"far fa-angle-right\"><\/i>\t\t\t\t\t\t\t\t\t\t\t\t\t\t\t\t\t<\/span>\n\t\t\t\t\t\t\t\t\t\t\t\t\t\t\t\t\t\t\t\t\t\t<span class=\"elementor-button-text\">VELG<\/span>\n\t\t\t\t\t\t\t\t\t\t\t\t\t<\/span>\n\t\t\t\t\t<\/button>\n\t\t\t\t<\/div>\n\t\t\t<\/div>\n\t\t<\/form>\n\t\t\t\t\t\t<\/div>\n\t\t\t\t<\/div>\n\t\t\t\t\t<\/div>\n\t\t\t\t<\/div>\n\t\t<div class=\"elementor-element elementor-element-852b473 service-items animated-card-2 e-flex e-con-boxed e-con e-child\" data-id=\"852b473\" data-element_type=\"container\" data-e-type=\"container\" data-settings=\"{&quot;background_background&quot;:&quot;classic&quot;}\">\n\t\t\t\t\t<div class=\"e-con-inner\">\n\t\t\t\t<div class=\"elementor-element elementor-element-bedcce3 elementor-align-left elementor-widget elementor-widget-lottie\" data-id=\"bedcce3\" data-element_type=\"widget\" data-e-type=\"widget\" data-settings=\"{&quot;trigger&quot;:&quot;on_hover&quot;,&quot;on_hover_out&quot;:&quot;reverse&quot;,&quot;hover_area&quot;:&quot;container&quot;,&quot;source_json&quot;:{&quot;url&quot;:&quot;https:\\\/\\\/digitalfeet.com\\\/wp-content\\\/uploads\\\/2025\\\/03\\\/hands-up-lottie.json&quot;,&quot;id&quot;:56474,&quot;size&quot;:&quot;&quot;,&quot;alt&quot;:&quot;&quot;,&quot;source&quot;:&quot;library&quot;},&quot;source&quot;:&quot;media_file&quot;,&quot;caption_source&quot;:&quot;none&quot;,&quot;link_to&quot;:&quot;none&quot;,&quot;play_speed&quot;:{&quot;unit&quot;:&quot;px&quot;,&quot;size&quot;:1,&quot;sizes&quot;:[]},&quot;start_point&quot;:{&quot;unit&quot;:&quot;%&quot;,&quot;size&quot;:0,&quot;sizes&quot;:[]},&quot;end_point&quot;:{&quot;unit&quot;:&quot;%&quot;,&quot;size&quot;:100,&quot;sizes&quot;:[]},&quot;renderer&quot;:&quot;svg&quot;}\" data-widget_type=\"lottie.default\">\n\t\t\t\t<div class=\"elementor-widget-container\">\n\t\t\t\t\t<div class=\"e-lottie__container\"><div class=\"e-lottie__animation\"><\/div><\/div>\t\t\t\t<\/div>\n\t\t\t\t<\/div>\n\t\t<div class=\"elementor-element elementor-element-2957317 e-flex e-con-boxed e-con e-child\" data-id=\"2957317\" data-element_type=\"container\" data-e-type=\"container\" data-settings=\"{&quot;background_background&quot;:&quot;classic&quot;}\">\n\t\t\t\t\t<div class=\"e-con-inner\">\n\t\t\t\t<div class=\"elementor-element elementor-element-3caf39e elementor-widget elementor-widget-heading\" data-id=\"3caf39e\" data-element_type=\"widget\" data-e-type=\"widget\" data-widget_type=\"heading.default\">\n\t\t\t\t<div class=\"elementor-widget-container\">\n\t\t\t\t\t<h3 class=\"elementor-heading-title elementor-size-default\">Helhetlig analyse <\/h3>\t\t\t\t<\/div>\n\t\t\t\t<\/div>\n\t\t\t\t<div class=\"elementor-element elementor-element-2f42eab elementor-widget elementor-widget-text-editor\" data-id=\"2f42eab\" data-element_type=\"widget\" data-e-type=\"widget\" data-widget_type=\"text-editor.default\">\n\t\t\t\t<div class=\"elementor-widget-container\">\n\t\t\t\t\t\t\t\t\t<p>Passer best for bedrifter som vurderer om de b\u00f8r redesigne nettsiden, eller p\u00e5 annen m\u00e5te gi den et l\u00f8ft.<\/p>\t\t\t\t\t\t\t\t<\/div>\n\t\t\t\t<\/div>\n\t\t\t\t<div class=\"elementor-element elementor-element-7a511cd elementor-widget elementor-widget-text-editor\" data-id=\"7a511cd\" data-element_type=\"widget\" data-e-type=\"widget\" data-widget_type=\"text-editor.default\">\n\t\t\t\t<div class=\"elementor-widget-container\">\n\t\t\t\t\t\t\t\t\tAlt inkludert i den enkle analysen, pluss:\n<ul class=\"bullet\">\n \t<li>UI\/UX<\/li>\n \t<li>Evaluering av innhold og kommunikasjon<\/li>\n \t<li>Vi tester skjemaer og kundereise<\/li>\n \t<li>Vi ser p\u00e5 tilstedev\u00e6relse i sosiale medier<\/li>\n \t<li>Vi ser p\u00e5 kampanjer dere kj\u00f8rer, og hvilke dere burde kj\u00f8re<\/li>\n \t<li>Vi tar et m\u00f8te for \u00e5 g\u00e5 gjennom rapporten, samt diskutere funn og anbefalinger.<\/li>\n<\/ul>\t\t\t\t\t\t\t\t<\/div>\n\t\t\t\t<\/div>\n\t\t\t\t\t<\/div>\n\t\t\t\t<\/div>\n\t\t\t\t<div class=\"elementor-element elementor-element-271747c elementor-widget__width-initial elementor-absolute elementor-button-align-stretch elementor-widget elementor-widget-form\" data-id=\"271747c\" data-element_type=\"widget\" data-e-type=\"widget\" data-settings=\"{&quot;step_next_label&quot;:&quot;Next&quot;,&quot;step_previous_label&quot;:&quot;Previous&quot;,&quot;_position&quot;:&quot;absolute&quot;,&quot;button_width&quot;:&quot;100&quot;,&quot;step_type&quot;:&quot;number_text&quot;,&quot;step_icon_shape&quot;:&quot;circle&quot;}\" data-widget_type=\"form.default\">\n\t\t\t\t<div class=\"elementor-widget-container\">\n\t\t\t\t\t\t\t<form class=\"elementor-form\" method=\"post\" name=\"New Form\" aria-label=\"New Form\">\n\t\t\t<input type=\"hidden\" name=\"post_id\" value=\"44831\"\/>\n\t\t\t<input type=\"hidden\" name=\"form_id\" value=\"271747c\"\/>\n\t\t\t<input type=\"hidden\" name=\"referer_title\" value=\"Digitalfeet\" \/>\n\n\t\t\t\n\t\t\t<div class=\"elementor-form-fields-wrapper elementor-labels-above\">\n\t\t\t\t\t\t\t\t<div class=\"elementor-field-type-hidden elementor-field-group elementor-column elementor-field-group-email elementor-col-100\">\n\t\t\t\t\t\t\t\t\t\t\t\t\t<input size=\"1\" type=\"hidden\" name=\"form_fields[email]\" id=\"form-field-email\" class=\"elementor-field elementor-size-sm  elementor-field-textual\">\n\t\t\t\t\t\t\t\t\t\t\t<\/div>\n\t\t\t\t\t\t\t\t<div class=\"elementor-field-type-hidden elementor-field-group elementor-column elementor-field-group-from elementor-col-100\">\n\t\t\t\t\t\t\t\t\t\t\t\t\t<input size=\"1\" type=\"hidden\" name=\"form_fields[from]\" id=\"form-field-from\" class=\"elementor-field elementor-size-sm  elementor-field-textual\">\n\t\t\t\t\t\t\t\t\t\t\t<\/div>\n\t\t\t\t\t\t\t\t<div class=\"elementor-field-group elementor-column elementor-field-type-submit elementor-col-100 e-form__buttons\">\n\t\t\t\t\t<button class=\"elementor-button elementor-size-sm\" type=\"submit\">\n\t\t\t\t\t\t<span class=\"elementor-button-content-wrapper\">\n\t\t\t\t\t\t\t\t\t\t\t\t\t\t\t<span class=\"elementor-button-icon\">\n\t\t\t\t\t\t\t\t\t<i aria-hidden=\"true\" class=\"far fa-angle-right\"><\/i>\t\t\t\t\t\t\t\t\t\t\t\t\t\t\t\t\t<\/span>\n\t\t\t\t\t\t\t\t\t\t\t\t\t\t\t\t\t\t\t\t\t\t<span class=\"elementor-button-text\">VELG<\/span>\n\t\t\t\t\t\t\t\t\t\t\t\t\t<\/span>\n\t\t\t\t\t<\/button>\n\t\t\t\t<\/div>\n\t\t\t<\/div>\n\t\t<\/form>\n\t\t\t\t\t\t<\/div>\n\t\t\t\t<\/div>\n\t\t\t\t\t<\/div>\n\t\t\t\t<\/div>\n\t\t\t\t\t<\/div>\n\t\t\t\t<\/div>\n\t\t\t\t\t<\/div>\n\t\t\t\t<\/div>\n\t\t\t\t<\/div>\n\t\t","protected":false},"excerpt":{"rendered":"<p>Velg hva slags rapport du \u00f8nsker Enkel analyse Passer best for deg som bare \u00f8nsker en enkel analyse av nettsiden for \u00e5 gj\u00f8re oppdateringer selv. Responsivitet Lastehastighet SEO analyse Helhetlig analyse Passer best for bedrifter som vurderer om de b\u00f8r redesigne nettsiden, eller p\u00e5 annen m\u00e5te gi den et l\u00f8ft. Alt inkludert i den enkle [&hellip;]<\/p>\n","protected":false},"author":1,"featured_media":47800,"parent":0,"menu_order":0,"comment_status":"closed","ping_status":"closed","template":"","meta":{"_acf_changed":false,"_eb_attr":"","site-sidebar-layout":"no-sidebar","site-content-layout":"page-builder","ast-site-content-layout":"default","site-content-style":"default","site-sidebar-style":"default","ast-global-header-display":"","ast-banner-title-visibility":"","ast-main-header-display":"","ast-hfb-above-header-display":"","ast-hfb-below-header-display":"","ast-hfb-mobile-header-display":"","site-post-title":"disabled","ast-breadcrumbs-content":"","ast-featured-img":"disabled","footer-sml-layout":"","ast-disable-related-posts":"","theme-transparent-header-meta":"","adv-header-id-meta":"","stick-header-meta":"","header-above-stick-meta":"","header-main-stick-meta":"","header-below-stick-meta":"","astra-migrate-meta-layouts":"default","ast-page-background-enabled":"default","ast-page-background-meta":{"desktop":{"background-color":"var(--ast-global-color-4)","background-image":"","background-repeat":"repeat","background-position":"center center","background-size":"auto","background-attachment":"scroll","background-type":"","background-media":"","overlay-type":"","overlay-color":"","overlay-opacity":"","overlay-gradient":""},"tablet":{"background-color":"","background-image":"","background-repeat":"repeat","background-position":"center center","background-size":"auto","background-attachment":"scroll","background-type":"","background-media":"","overlay-type":"","overlay-color":"","overlay-opacity":"","overlay-gradient":""},"mobile":{"background-color":"","background-image":"","background-repeat":"repeat","background-position":"center center","background-size":"auto","background-attachment":"scroll","background-type":"","background-media":"","overlay-type":"","overlay-color":"","overlay-opacity":"","overlay-gradient":""}},"ast-content-background-meta":{"desktop":{"background-color":"var(--ast-global-color-5)","background-image":"","background-repeat":"repeat","background-position":"center center","background-size":"auto","background-attachment":"scroll","background-type":"","background-media":"","overlay-type":"","overlay-color":"","overlay-opacity":"","overlay-gradient":""},"tablet":{"background-color":"var(--ast-global-color-5)","background-image":"","background-repeat":"repeat","background-position":"center center","background-size":"auto","background-attachment":"scroll","background-type":"","background-media":"","overlay-type":"","overlay-color":"","overlay-opacity":"","overlay-gradient":""},"mobile":{"background-color":"var(--ast-global-color-5)","background-image":"","background-repeat":"repeat","background-position":"center center","background-size":"auto","background-attachment":"scroll","background-type":"","background-media":"","overlay-type":"","overlay-color":"","overlay-opacity":"","overlay-gradient":""}},"footnotes":""},"class_list":["post-44831","page","type-page","status-publish","has-post-thumbnail","hentry"],"acf":[],"yoast_head":"<!-- This site is optimized with the Yoast SEO Premium plugin v25.6 (Yoast SEO v27.4) - https:\/\/yoast.com\/product\/yoast-seo-premium-wordpress\/ -->\n<title>Choose Marketing Audit NO | Digitalfeet<\/title>\n<meta name=\"robots\" content=\"index, follow, max-snippet:-1, max-image-preview:large, max-video-preview:-1\" \/>\n<link rel=\"canonical\" href=\"https:\/\/digitalfeet.com\/no\/choose-marketing-audit-no\/\" \/>\n<meta property=\"og:locale\" content=\"nb_NO\" \/>\n<meta property=\"og:type\" content=\"article\" \/>\n<meta property=\"og:title\" content=\"Choose Marketing Audit NO\" \/>\n<meta property=\"og:description\" content=\"Velg hva slags rapport du \u00f8nsker Enkel analyse Passer best for deg som bare \u00f8nsker en enkel analyse av nettsiden for \u00e5 gj\u00f8re oppdateringer selv. Responsivitet Lastehastighet SEO analyse Helhetlig analyse Passer best for bedrifter som vurderer om de b\u00f8r redesigne nettsiden, eller p\u00e5 annen m\u00e5te gi den et l\u00f8ft. Alt inkludert i den enkle [&hellip;]\" \/>\n<meta property=\"og:url\" content=\"https:\/\/digitalfeet.com\/no\/choose-marketing-audit-no\/\" \/>\n<meta property=\"og:site_name\" content=\"Digitalfeet\" \/>\n<meta property=\"article:modified_time\" content=\"2025-04-23T05:29:28+00:00\" \/>\n<meta property=\"og:image\" content=\"https:\/\/digitalfeet.com\/wp-content\/uploads\/2023\/10\/FI-Audit-Pages.png\" \/>\n\t<meta property=\"og:image:width\" content=\"1200\" \/>\n\t<meta property=\"og:image:height\" content=\"628\" \/>\n\t<meta property=\"og:image:type\" content=\"image\/png\" \/>\n<meta name=\"twitter:card\" content=\"summary_large_image\" \/>\n<meta name=\"twitter:label1\" content=\"Ansl. lesetid\" \/>\n\t<meta name=\"twitter:data1\" content=\"1 minutt\" \/>\n<script type=\"application\/ld+json\" class=\"yoast-schema-graph\">{\"@context\":\"https:\\\/\\\/schema.org\",\"@graph\":[{\"@type\":\"WebPage\",\"@id\":\"https:\\\/\\\/digitalfeet.com\\\/no\\\/choose-marketing-audit-no\\\/\",\"url\":\"https:\\\/\\\/digitalfeet.com\\\/no\\\/choose-marketing-audit-no\\\/\",\"name\":\"Choose Marketing Audit NO | Digitalfeet\",\"isPartOf\":{\"@id\":\"https:\\\/\\\/digitalfeet.com\\\/no\\\/#website\"},\"primaryImageOfPage\":{\"@id\":\"https:\\\/\\\/digitalfeet.com\\\/no\\\/choose-marketing-audit-no\\\/#primaryimage\"},\"image\":{\"@id\":\"https:\\\/\\\/digitalfeet.com\\\/no\\\/choose-marketing-audit-no\\\/#primaryimage\"},\"thumbnailUrl\":\"https:\\\/\\\/digitalfeet.com\\\/wp-content\\\/uploads\\\/2023\\\/10\\\/FI-Audit-Pages.png\",\"datePublished\":\"2023-08-15T03:24:37+00:00\",\"dateModified\":\"2025-04-23T05:29:28+00:00\",\"inLanguage\":\"nb-NO\",\"potentialAction\":[{\"@type\":\"ReadAction\",\"target\":[\"https:\\\/\\\/digitalfeet.com\\\/no\\\/choose-marketing-audit-no\\\/\"]}]},{\"@type\":\"ImageObject\",\"inLanguage\":\"nb-NO\",\"@id\":\"https:\\\/\\\/digitalfeet.com\\\/no\\\/choose-marketing-audit-no\\\/#primaryimage\",\"url\":\"https:\\\/\\\/digitalfeet.com\\\/wp-content\\\/uploads\\\/2023\\\/10\\\/FI-Audit-Pages.png\",\"contentUrl\":\"https:\\\/\\\/digitalfeet.com\\\/wp-content\\\/uploads\\\/2023\\\/10\\\/FI-Audit-Pages.png\",\"width\":1200,\"height\":628},{\"@type\":\"WebSite\",\"@id\":\"https:\\\/\\\/digitalfeet.com\\\/no\\\/#website\",\"url\":\"https:\\\/\\\/digitalfeet.com\\\/no\\\/\",\"name\":\"Digitalfeet\",\"description\":\"\",\"publisher\":{\"@id\":\"https:\\\/\\\/digitalfeet.com\\\/no\\\/#organization\"},\"potentialAction\":[{\"@type\":\"SearchAction\",\"target\":{\"@type\":\"EntryPoint\",\"urlTemplate\":\"https:\\\/\\\/digitalfeet.com\\\/no\\\/?s={search_term_string}\"},\"query-input\":{\"@type\":\"PropertyValueSpecification\",\"valueRequired\":true,\"valueName\":\"search_term_string\"}}],\"inLanguage\":\"nb-NO\"},{\"@type\":\"Organization\",\"@id\":\"https:\\\/\\\/digitalfeet.com\\\/no\\\/#organization\",\"name\":\"Digitalfeet\",\"url\":\"https:\\\/\\\/digitalfeet.com\\\/no\\\/\",\"logo\":{\"@type\":\"ImageObject\",\"inLanguage\":\"nb-NO\",\"@id\":\"https:\\\/\\\/digitalfeet.com\\\/no\\\/#\\\/schema\\\/logo\\\/image\\\/\",\"url\":\"https:\\\/\\\/digitalfeet.com\\\/wp-content\\\/uploads\\\/2023\\\/07\\\/df_logo_highres_result-1.webp\",\"contentUrl\":\"https:\\\/\\\/digitalfeet.com\\\/wp-content\\\/uploads\\\/2023\\\/07\\\/df_logo_highres_result-1.webp\",\"width\":183,\"height\":55,\"caption\":\"Digitalfeet\"},\"image\":{\"@id\":\"https:\\\/\\\/digitalfeet.com\\\/no\\\/#\\\/schema\\\/logo\\\/image\\\/\"}}]}<\/script>\n<!-- \/ Yoast SEO Premium plugin. -->","yoast_head_json":{"title":"Choose Marketing Audit NO | Digitalfeet","robots":{"index":"index","follow":"follow","max-snippet":"max-snippet:-1","max-image-preview":"max-image-preview:large","max-video-preview":"max-video-preview:-1"},"canonical":"https:\/\/digitalfeet.com\/no\/choose-marketing-audit-no\/","og_locale":"nb_NO","og_type":"article","og_title":"Choose Marketing Audit NO","og_description":"Velg hva slags rapport du \u00f8nsker Enkel analyse Passer best for deg som bare \u00f8nsker en enkel analyse av nettsiden for \u00e5 gj\u00f8re oppdateringer selv. Responsivitet Lastehastighet SEO analyse Helhetlig analyse Passer best for bedrifter som vurderer om de b\u00f8r redesigne nettsiden, eller p\u00e5 annen m\u00e5te gi den et l\u00f8ft. Alt inkludert i den enkle [&hellip;]","og_url":"https:\/\/digitalfeet.com\/no\/choose-marketing-audit-no\/","og_site_name":"Digitalfeet","article_modified_time":"2025-04-23T05:29:28+00:00","og_image":[{"width":1200,"height":628,"url":"https:\/\/digitalfeet.com\/wp-content\/uploads\/2023\/10\/FI-Audit-Pages.png","type":"image\/png"}],"twitter_card":"summary_large_image","twitter_misc":{"Ansl. lesetid":"1 minutt"},"schema":{"@context":"https:\/\/schema.org","@graph":[{"@type":"WebPage","@id":"https:\/\/digitalfeet.com\/no\/choose-marketing-audit-no\/","url":"https:\/\/digitalfeet.com\/no\/choose-marketing-audit-no\/","name":"Choose Marketing Audit NO | Digitalfeet","isPartOf":{"@id":"https:\/\/digitalfeet.com\/no\/#website"},"primaryImageOfPage":{"@id":"https:\/\/digitalfeet.com\/no\/choose-marketing-audit-no\/#primaryimage"},"image":{"@id":"https:\/\/digitalfeet.com\/no\/choose-marketing-audit-no\/#primaryimage"},"thumbnailUrl":"https:\/\/digitalfeet.com\/wp-content\/uploads\/2023\/10\/FI-Audit-Pages.png","datePublished":"2023-08-15T03:24:37+00:00","dateModified":"2025-04-23T05:29:28+00:00","inLanguage":"nb-NO","potentialAction":[{"@type":"ReadAction","target":["https:\/\/digitalfeet.com\/no\/choose-marketing-audit-no\/"]}]},{"@type":"ImageObject","inLanguage":"nb-NO","@id":"https:\/\/digitalfeet.com\/no\/choose-marketing-audit-no\/#primaryimage","url":"https:\/\/digitalfeet.com\/wp-content\/uploads\/2023\/10\/FI-Audit-Pages.png","contentUrl":"https:\/\/digitalfeet.com\/wp-content\/uploads\/2023\/10\/FI-Audit-Pages.png","width":1200,"height":628},{"@type":"WebSite","@id":"https:\/\/digitalfeet.com\/no\/#website","url":"https:\/\/digitalfeet.com\/no\/","name":"Digitalfeet","description":"","publisher":{"@id":"https:\/\/digitalfeet.com\/no\/#organization"},"potentialAction":[{"@type":"SearchAction","target":{"@type":"EntryPoint","urlTemplate":"https:\/\/digitalfeet.com\/no\/?s={search_term_string}"},"query-input":{"@type":"PropertyValueSpecification","valueRequired":true,"valueName":"search_term_string"}}],"inLanguage":"nb-NO"},{"@type":"Organization","@id":"https:\/\/digitalfeet.com\/no\/#organization","name":"Digitalfeet","url":"https:\/\/digitalfeet.com\/no\/","logo":{"@type":"ImageObject","inLanguage":"nb-NO","@id":"https:\/\/digitalfeet.com\/no\/#\/schema\/logo\/image\/","url":"https:\/\/digitalfeet.com\/wp-content\/uploads\/2023\/07\/df_logo_highres_result-1.webp","contentUrl":"https:\/\/digitalfeet.com\/wp-content\/uploads\/2023\/07\/df_logo_highres_result-1.webp","width":183,"height":55,"caption":"Digitalfeet"},"image":{"@id":"https:\/\/digitalfeet.com\/no\/#\/schema\/logo\/image\/"}}]}},"_links":{"self":[{"href":"https:\/\/digitalfeet.com\/no\/wp-json\/wp\/v2\/pages\/44831","targetHints":{"allow":["GET"]}}],"collection":[{"href":"https:\/\/digitalfeet.com\/no\/wp-json\/wp\/v2\/pages"}],"about":[{"href":"https:\/\/digitalfeet.com\/no\/wp-json\/wp\/v2\/types\/page"}],"author":[{"embeddable":true,"href":"https:\/\/digitalfeet.com\/no\/wp-json\/wp\/v2\/users\/1"}],"replies":[{"embeddable":true,"href":"https:\/\/digitalfeet.com\/no\/wp-json\/wp\/v2\/comments?post=44831"}],"version-history":[{"count":9,"href":"https:\/\/digitalfeet.com\/no\/wp-json\/wp\/v2\/pages\/44831\/revisions"}],"predecessor-version":[{"id":57163,"href":"https:\/\/digitalfeet.com\/no\/wp-json\/wp\/v2\/pages\/44831\/revisions\/57163"}],"wp:featuredmedia":[{"embeddable":true,"href":"https:\/\/digitalfeet.com\/no\/wp-json\/wp\/v2\/media\/47800"}],"wp:attachment":[{"href":"https:\/\/digitalfeet.com\/no\/wp-json\/wp\/v2\/media?parent=44831"}],"curies":[{"name":"wp","href":"https:\/\/api.w.org\/{rel}","templated":true}]}}