{"id":45329,"date":"2023-09-21T07:28:15","date_gmt":"2023-09-21T07:28:15","guid":{"rendered":"https:\/\/digitalfeet.com\/?page_id=45329"},"modified":"2023-12-19T06:43:53","modified_gmt":"2023-12-19T06:43:53","slug":"rapport-er-pa-vei","status":"publish","type":"page","link":"https:\/\/digitalfeet.com\/no\/rapport-er-pa-vei\/","title":{"rendered":"Rapport er p\u00e5 vei!"},"content":{"rendered":"\t\t<div data-elementor-type=\"wp-page\" data-elementor-id=\"45329\" class=\"elementor elementor-45329 elementor-44452\" data-elementor-post-type=\"page\">\n\t\t\t\t<div class=\"elementor-element elementor-element-247c78d e-flex e-con-boxed e-con e-parent\" data-id=\"247c78d\" data-element_type=\"container\" data-e-type=\"container\" data-settings=\"{&quot;background_background&quot;:&quot;classic&quot;}\">\n\t\t\t\t\t<div class=\"e-con-inner\">\n\t\t\t\t<div class=\"elementor-element elementor-element-1a91c38 elementor-widget elementor-widget-image\" data-id=\"1a91c38\" data-element_type=\"widget\" data-e-type=\"widget\" data-widget_type=\"image.default\">\n\t\t\t\t<div class=\"elementor-widget-container\">\n\t\t\t\t\t\t\t\t\t\t\t\t\t\t\t<img decoding=\"async\" width=\"182\" height=\"217\" src=\"https:\/\/digitalfeet.com\/wp-content\/uploads\/2023\/07\/airplane-with-shadow.png\" class=\"attachment-large size-large wp-image-216\" alt=\"airplane with shadow\" \/>\t\t\t\t\t\t\t\t\t\t\t\t\t\t\t<\/div>\n\t\t\t\t<\/div>\n\t\t\t\t<div class=\"elementor-element elementor-element-da0c657 elementor-widget elementor-widget-spacer\" data-id=\"da0c657\" data-element_type=\"widget\" data-e-type=\"widget\" data-widget_type=\"spacer.default\">\n\t\t\t\t<div class=\"elementor-widget-container\">\n\t\t\t\t\t\t\t<div class=\"elementor-spacer\">\n\t\t\t<div class=\"elementor-spacer-inner\"><\/div>\n\t\t<\/div>\n\t\t\t\t\t\t<\/div>\n\t\t\t\t<\/div>\n\t\t\t\t<div class=\"elementor-element elementor-element-23ae870 elementor-widget elementor-widget-heading\" data-id=\"23ae870\" data-element_type=\"widget\" data-e-type=\"widget\" data-widget_type=\"heading.default\">\n\t\t\t\t<div class=\"elementor-widget-container\">\n\t\t\t\t\t<h2 class=\"elementor-heading-title elementor-size-default\">Rapport er p\u00e5 vei!<\/h2>\t\t\t\t<\/div>\n\t\t\t\t<\/div>\n\t\t\t\t<div class=\"elementor-element elementor-element-3e1fc51 elementor-widget elementor-widget-text-editor\" data-id=\"3e1fc51\" data-element_type=\"widget\" data-e-type=\"widget\" data-widget_type=\"text-editor.default\">\n\t\t\t\t<div class=\"elementor-widget-container\">\n\t\t\t\t\t\t\t\t\tVi g\u00e5r i gang med din rapport hurtigst mulig. Vi kontakter deg dersom vi har sp\u00f8rsm\u00e5l. \t\t\t\t\t\t\t\t<\/div>\n\t\t\t\t<\/div>\n\t\t\t\t<div class=\"elementor-element elementor-element-7e25117 elementor-widget elementor-widget-button\" data-id=\"7e25117\" data-element_type=\"widget\" data-e-type=\"widget\" data-widget_type=\"button.default\">\n\t\t\t\t<div class=\"elementor-widget-container\">\n\t\t\t\t\t\t\t\t\t<div class=\"elementor-button-wrapper\">\n\t\t\t\t\t<a class=\"elementor-button elementor-button-link elementor-size-sm\" href=\"https:\/\/digitalfeet.com\/no\/\">\n\t\t\t\t\t\t<span class=\"elementor-button-content-wrapper\">\n\t\t\t\t\t\t\t\t\t<span class=\"elementor-button-text\"><i class=\"fa-regular fa-chevron-left\"><\/i> g\u00e5 tilbake til hjemmesiden<\/span>\n\t\t\t\t\t<\/span>\n\t\t\t\t\t<\/a>\n\t\t\t\t<\/div>\n\t\t\t\t\t\t\t\t<\/div>\n\t\t\t\t<\/div>\n\t\t\t\t\t<\/div>\n\t\t\t\t<\/div>\n\t\t\t\t<\/div>\n\t\t","protected":false},"excerpt":{"rendered":"<p>Rapport er p\u00e5 vei! Vi g\u00e5r i gang med din rapport hurtigst mulig. Vi kontakter deg dersom vi har sp\u00f8rsm\u00e5l. g\u00e5 tilbake til hjemmesiden<\/p>\n","protected":false},"author":1,"featured_media":47787,"parent":0,"menu_order":0,"comment_status":"closed","ping_status":"closed","template":"","meta":{"_acf_changed":false,"_eb_attr":"","site-sidebar-layout":"no-sidebar","site-content-layout":"page-builder","ast-site-content-layout":"default","site-content-style":"default","site-sidebar-style":"default","ast-global-header-display":"","ast-banner-title-visibility":"","ast-main-header-display":"","ast-hfb-above-header-display":"","ast-hfb-below-header-display":"","ast-hfb-mobile-header-display":"","site-post-title":"disabled","ast-breadcrumbs-content":"","ast-featured-img":"disabled","footer-sml-layout":"","ast-disable-related-posts":"","theme-transparent-header-meta":"","adv-header-id-meta":"","stick-header-meta":"","header-above-stick-meta":"","header-main-stick-meta":"","header-below-stick-meta":"","astra-migrate-meta-layouts":"default","ast-page-background-enabled":"default","ast-page-background-meta":{"desktop":{"background-color":"var(--ast-global-color-4)","background-image":"","background-repeat":"repeat","background-position":"center center","background-size":"auto","background-attachment":"scroll","background-type":"","background-media":"","overlay-type":"","overlay-color":"","overlay-opacity":"","overlay-gradient":""},"tablet":{"background-color":"","background-image":"","background-repeat":"repeat","background-position":"center center","background-size":"auto","background-attachment":"scroll","background-type":"","background-media":"","overlay-type":"","overlay-color":"","overlay-opacity":"","overlay-gradient":""},"mobile":{"background-color":"","background-image":"","background-repeat":"repeat","background-position":"center center","background-size":"auto","background-attachment":"scroll","background-type":"","background-media":"","overlay-type":"","overlay-color":"","overlay-opacity":"","overlay-gradient":""}},"ast-content-background-meta":{"desktop":{"background-color":"var(--ast-global-color-5)","background-image":"","background-repeat":"repeat","background-position":"center center","background-size":"auto","background-attachment":"scroll","background-type":"","background-media":"","overlay-type":"","overlay-color":"","overlay-opacity":"","overlay-gradient":""},"tablet":{"background-color":"var(--ast-global-color-5)","background-image":"","background-repeat":"repeat","background-position":"center center","background-size":"auto","background-attachment":"scroll","background-type":"","background-media":"","overlay-type":"","overlay-color":"","overlay-opacity":"","overlay-gradient":""},"mobile":{"background-color":"var(--ast-global-color-5)","background-image":"","background-repeat":"repeat","background-position":"center center","background-size":"auto","background-attachment":"scroll","background-type":"","background-media":"","overlay-type":"","overlay-color":"","overlay-opacity":"","overlay-gradient":""}},"footnotes":""},"class_list":["post-45329","page","type-page","status-publish","has-post-thumbnail","hentry"],"acf":[],"yoast_head":"<!-- This site is optimized with the Yoast SEO Premium plugin v25.6 (Yoast SEO v27.4) - https:\/\/yoast.com\/product\/yoast-seo-premium-wordpress\/ -->\n<title>Rapport er p\u00e5 vei! | Digitalfeet<\/title>\n<meta name=\"robots\" content=\"index, follow, max-snippet:-1, max-image-preview:large, max-video-preview:-1\" \/>\n<link rel=\"canonical\" href=\"https:\/\/digitalfeet.com\/no\/rapport-er-pa-vei\/\" \/>\n<meta property=\"og:locale\" content=\"nb_NO\" \/>\n<meta property=\"og:type\" content=\"article\" \/>\n<meta property=\"og:title\" content=\"Rapport er p\u00e5 vei!\" \/>\n<meta property=\"og:description\" content=\"Rapport er p\u00e5 vei! Vi g\u00e5r i gang med din rapport hurtigst mulig. Vi kontakter deg dersom vi har sp\u00f8rsm\u00e5l. g\u00e5 tilbake til hjemmesiden\" \/>\n<meta property=\"og:url\" content=\"https:\/\/digitalfeet.com\/no\/rapport-er-pa-vei\/\" \/>\n<meta property=\"og:site_name\" content=\"Digitalfeet\" \/>\n<meta property=\"article:modified_time\" content=\"2023-12-19T06:43:53+00:00\" \/>\n<meta property=\"og:image\" content=\"https:\/\/digitalfeet.com\/wp-content\/uploads\/2023\/10\/FI-Home-1.png\" \/>\n\t<meta property=\"og:image:width\" content=\"1200\" \/>\n\t<meta property=\"og:image:height\" content=\"628\" \/>\n\t<meta property=\"og:image:type\" content=\"image\/png\" \/>\n<meta name=\"twitter:card\" content=\"summary_large_image\" \/>\n<meta name=\"twitter:label1\" content=\"Ansl. lesetid\" \/>\n\t<meta name=\"twitter:data1\" content=\"1 minutt\" \/>\n<script type=\"application\/ld+json\" class=\"yoast-schema-graph\">{\"@context\":\"https:\\\/\\\/schema.org\",\"@graph\":[{\"@type\":\"WebPage\",\"@id\":\"https:\\\/\\\/digitalfeet.com\\\/no\\\/rapport-er-pa-vei\\\/\",\"url\":\"https:\\\/\\\/digitalfeet.com\\\/no\\\/rapport-er-pa-vei\\\/\",\"name\":\"Rapport er p\u00e5 vei! | Digitalfeet\",\"isPartOf\":{\"@id\":\"https:\\\/\\\/digitalfeet.com\\\/no\\\/#website\"},\"primaryImageOfPage\":{\"@id\":\"https:\\\/\\\/digitalfeet.com\\\/no\\\/rapport-er-pa-vei\\\/#primaryimage\"},\"image\":{\"@id\":\"https:\\\/\\\/digitalfeet.com\\\/no\\\/rapport-er-pa-vei\\\/#primaryimage\"},\"thumbnailUrl\":\"https:\\\/\\\/digitalfeet.com\\\/wp-content\\\/uploads\\\/2023\\\/10\\\/FI-Home-1.png\",\"datePublished\":\"2023-09-21T07:28:15+00:00\",\"dateModified\":\"2023-12-19T06:43:53+00:00\",\"inLanguage\":\"nb-NO\",\"potentialAction\":[{\"@type\":\"ReadAction\",\"target\":[\"https:\\\/\\\/digitalfeet.com\\\/no\\\/rapport-er-pa-vei\\\/\"]}]},{\"@type\":\"ImageObject\",\"inLanguage\":\"nb-NO\",\"@id\":\"https:\\\/\\\/digitalfeet.com\\\/no\\\/rapport-er-pa-vei\\\/#primaryimage\",\"url\":\"https:\\\/\\\/digitalfeet.com\\\/wp-content\\\/uploads\\\/2023\\\/10\\\/FI-Home-1.png\",\"contentUrl\":\"https:\\\/\\\/digitalfeet.com\\\/wp-content\\\/uploads\\\/2023\\\/10\\\/FI-Home-1.png\",\"width\":1200,\"height\":628},{\"@type\":\"WebSite\",\"@id\":\"https:\\\/\\\/digitalfeet.com\\\/no\\\/#website\",\"url\":\"https:\\\/\\\/digitalfeet.com\\\/no\\\/\",\"name\":\"Digitalfeet\",\"description\":\"\",\"publisher\":{\"@id\":\"https:\\\/\\\/digitalfeet.com\\\/no\\\/#organization\"},\"potentialAction\":[{\"@type\":\"SearchAction\",\"target\":{\"@type\":\"EntryPoint\",\"urlTemplate\":\"https:\\\/\\\/digitalfeet.com\\\/no\\\/?s={search_term_string}\"},\"query-input\":{\"@type\":\"PropertyValueSpecification\",\"valueRequired\":true,\"valueName\":\"search_term_string\"}}],\"inLanguage\":\"nb-NO\"},{\"@type\":\"Organization\",\"@id\":\"https:\\\/\\\/digitalfeet.com\\\/no\\\/#organization\",\"name\":\"Digitalfeet\",\"url\":\"https:\\\/\\\/digitalfeet.com\\\/no\\\/\",\"logo\":{\"@type\":\"ImageObject\",\"inLanguage\":\"nb-NO\",\"@id\":\"https:\\\/\\\/digitalfeet.com\\\/no\\\/#\\\/schema\\\/logo\\\/image\\\/\",\"url\":\"https:\\\/\\\/digitalfeet.com\\\/wp-content\\\/uploads\\\/2023\\\/07\\\/df_logo_highres_result-1.webp\",\"contentUrl\":\"https:\\\/\\\/digitalfeet.com\\\/wp-content\\\/uploads\\\/2023\\\/07\\\/df_logo_highres_result-1.webp\",\"width\":183,\"height\":55,\"caption\":\"Digitalfeet\"},\"image\":{\"@id\":\"https:\\\/\\\/digitalfeet.com\\\/no\\\/#\\\/schema\\\/logo\\\/image\\\/\"}}]}<\/script>\n<!-- \/ Yoast SEO Premium plugin. -->","yoast_head_json":{"title":"Rapport er p\u00e5 vei! | Digitalfeet","robots":{"index":"index","follow":"follow","max-snippet":"max-snippet:-1","max-image-preview":"max-image-preview:large","max-video-preview":"max-video-preview:-1"},"canonical":"https:\/\/digitalfeet.com\/no\/rapport-er-pa-vei\/","og_locale":"nb_NO","og_type":"article","og_title":"Rapport er p\u00e5 vei!","og_description":"Rapport er p\u00e5 vei! Vi g\u00e5r i gang med din rapport hurtigst mulig. Vi kontakter deg dersom vi har sp\u00f8rsm\u00e5l. g\u00e5 tilbake til hjemmesiden","og_url":"https:\/\/digitalfeet.com\/no\/rapport-er-pa-vei\/","og_site_name":"Digitalfeet","article_modified_time":"2023-12-19T06:43:53+00:00","og_image":[{"width":1200,"height":628,"url":"https:\/\/digitalfeet.com\/wp-content\/uploads\/2023\/10\/FI-Home-1.png","type":"image\/png"}],"twitter_card":"summary_large_image","twitter_misc":{"Ansl. lesetid":"1 minutt"},"schema":{"@context":"https:\/\/schema.org","@graph":[{"@type":"WebPage","@id":"https:\/\/digitalfeet.com\/no\/rapport-er-pa-vei\/","url":"https:\/\/digitalfeet.com\/no\/rapport-er-pa-vei\/","name":"Rapport er p\u00e5 vei! | Digitalfeet","isPartOf":{"@id":"https:\/\/digitalfeet.com\/no\/#website"},"primaryImageOfPage":{"@id":"https:\/\/digitalfeet.com\/no\/rapport-er-pa-vei\/#primaryimage"},"image":{"@id":"https:\/\/digitalfeet.com\/no\/rapport-er-pa-vei\/#primaryimage"},"thumbnailUrl":"https:\/\/digitalfeet.com\/wp-content\/uploads\/2023\/10\/FI-Home-1.png","datePublished":"2023-09-21T07:28:15+00:00","dateModified":"2023-12-19T06:43:53+00:00","inLanguage":"nb-NO","potentialAction":[{"@type":"ReadAction","target":["https:\/\/digitalfeet.com\/no\/rapport-er-pa-vei\/"]}]},{"@type":"ImageObject","inLanguage":"nb-NO","@id":"https:\/\/digitalfeet.com\/no\/rapport-er-pa-vei\/#primaryimage","url":"https:\/\/digitalfeet.com\/wp-content\/uploads\/2023\/10\/FI-Home-1.png","contentUrl":"https:\/\/digitalfeet.com\/wp-content\/uploads\/2023\/10\/FI-Home-1.png","width":1200,"height":628},{"@type":"WebSite","@id":"https:\/\/digitalfeet.com\/no\/#website","url":"https:\/\/digitalfeet.com\/no\/","name":"Digitalfeet","description":"","publisher":{"@id":"https:\/\/digitalfeet.com\/no\/#organization"},"potentialAction":[{"@type":"SearchAction","target":{"@type":"EntryPoint","urlTemplate":"https:\/\/digitalfeet.com\/no\/?s={search_term_string}"},"query-input":{"@type":"PropertyValueSpecification","valueRequired":true,"valueName":"search_term_string"}}],"inLanguage":"nb-NO"},{"@type":"Organization","@id":"https:\/\/digitalfeet.com\/no\/#organization","name":"Digitalfeet","url":"https:\/\/digitalfeet.com\/no\/","logo":{"@type":"ImageObject","inLanguage":"nb-NO","@id":"https:\/\/digitalfeet.com\/no\/#\/schema\/logo\/image\/","url":"https:\/\/digitalfeet.com\/wp-content\/uploads\/2023\/07\/df_logo_highres_result-1.webp","contentUrl":"https:\/\/digitalfeet.com\/wp-content\/uploads\/2023\/07\/df_logo_highres_result-1.webp","width":183,"height":55,"caption":"Digitalfeet"},"image":{"@id":"https:\/\/digitalfeet.com\/no\/#\/schema\/logo\/image\/"}}]}},"_links":{"self":[{"href":"https:\/\/digitalfeet.com\/no\/wp-json\/wp\/v2\/pages\/45329","targetHints":{"allow":["GET"]}}],"collection":[{"href":"https:\/\/digitalfeet.com\/no\/wp-json\/wp\/v2\/pages"}],"about":[{"href":"https:\/\/digitalfeet.com\/no\/wp-json\/wp\/v2\/types\/page"}],"author":[{"embeddable":true,"href":"https:\/\/digitalfeet.com\/no\/wp-json\/wp\/v2\/users\/1"}],"replies":[{"embeddable":true,"href":"https:\/\/digitalfeet.com\/no\/wp-json\/wp\/v2\/comments?post=45329"}],"version-history":[{"count":4,"href":"https:\/\/digitalfeet.com\/no\/wp-json\/wp\/v2\/pages\/45329\/revisions"}],"predecessor-version":[{"id":57409,"href":"https:\/\/digitalfeet.com\/no\/wp-json\/wp\/v2\/pages\/45329\/revisions\/57409"}],"wp:featuredmedia":[{"embeddable":true,"href":"https:\/\/digitalfeet.com\/no\/wp-json\/wp\/v2\/media\/47787"}],"wp:attachment":[{"href":"https:\/\/digitalfeet.com\/no\/wp-json\/wp\/v2\/media?parent=45329"}],"curies":[{"name":"wp","href":"https:\/\/api.w.org\/{rel}","templated":true}]}}